{"id":122,"date":"2022-01-20T16:40:56","date_gmt":"2022-01-20T15:40:56","guid":{"rendered":"https:\/\/www.st-omer.najeti.fr\/hotel\/"},"modified":"2024-12-19T11:12:57","modified_gmt":"2024-12-19T10:12:57","slug":"hotel","status":"publish","type":"page","link":"https:\/\/www.st-omer.najeti.fr\/en\/hotel\/","title":{"rendered":"Hotel"},"content":{"rendered":"<div data-elementor-type=\"wp-page\" data-elementor-id=\"122\" class=\"elementor elementor-122\" data-elementor-post-type=\"page\">\n\t\t\t\t\t\t<section class=\"elementor-section elementor-top-section elementor-element elementor-element-8bd2155 elementor-section-full_width hero elementor-section-height-default elementor-section-height-default\" data-id=\"8bd2155\" data-element_type=\"section\" data-e-type=\"section\" data-settings=\"{&quot;_ob_glider_is_slider&quot;:&quot;no&quot;}\">\n\t\t\t\t\t\t<div class=\"elementor-container elementor-column-gap-default\">\n\t\t\t\t\t<div class=\"elementor-column elementor-col-100 elementor-top-column elementor-element elementor-element-5fad1c1\" data-id=\"5fad1c1\" data-element_type=\"column\" data-e-type=\"column\" data-settings=\"{&quot;_ob_column_hoveranimator&quot;:&quot;no&quot;,&quot;_ob_column_has_pseudo&quot;:&quot;no&quot;}\">\n\t\t\t<div class=\"elementor-widget-wrap elementor-element-populated\">\n\t\t\t\t\t\t<div class=\"elementor-element elementor-element-87fe7ea elementor--h-position-center elementor--v-position-middle elementor-arrows-position-inside elementor-pagination-position-inside ob-has-background-overlay elementor-widget elementor-widget-slides\" data-id=\"87fe7ea\" data-element_type=\"widget\" data-e-type=\"widget\" data-settings=\"{&quot;navigation&quot;:&quot;both&quot;,&quot;autoplay&quot;:&quot;yes&quot;,&quot;pause_on_hover&quot;:&quot;yes&quot;,&quot;pause_on_interaction&quot;:&quot;yes&quot;,&quot;autoplay_speed&quot;:5000,&quot;infinite&quot;:&quot;yes&quot;,&quot;transition&quot;:&quot;slide&quot;,&quot;transition_speed&quot;:500,&quot;_ob_widget_stalker_use&quot;:&quot;no&quot;,&quot;_ob_poopart_use&quot;:&quot;yes&quot;,&quot;_ob_shadough_use&quot;:&quot;no&quot;,&quot;_ob_allow_hoveranimator&quot;:&quot;no&quot;}\" data-widget_type=\"slides.default\">\n\t\t\t\t<div class=\"elementor-widget-container\">\n\t\t\t\t\t\t\t\t\t<div class=\"elementor-swiper\">\n\t\t\t\t\t<div class=\"elementor-slides-wrapper elementor-main-swiper swiper\" role=\"region\" aria-roledescription=\"carousel\" aria-label=\"Slides\" dir=\"ltr\" data-animation=\"fadeInUp\">\n\t\t\t\t<div class=\"swiper-wrapper elementor-slides\">\n\t\t\t\t\t\t\t\t\t\t<div class=\"elementor-repeater-item-550bfde swiper-slide\" role=\"group\" aria-roledescription=\"slide\"><div class=\"swiper-slide-bg\" role=\"img\" aria-label=\"hotel-du-golf-najeti-header-chambres\"><\/div><div class=\"elementor-background-overlay\"><\/div><div class=\"swiper-slide-inner\" ><div class=\"swiper-slide-contents\"><\/div><\/div><\/div>\t\t\t\t<\/div>\n\t\t\t\t\t\t\t<\/div>\n\t\t\t\t<\/div>\n\t\t\t\t\t\t\t\t<\/div>\n\t\t\t\t<\/div>\n\t\t\t\t<section class=\"elementor-section elementor-inner-section elementor-element elementor-element-2926f90 elementor-section-height-min-height hero-content elementor-section-boxed elementor-section-height-default\" data-id=\"2926f90\" data-element_type=\"section\" data-e-type=\"section\" data-settings=\"{&quot;_ob_glider_is_slider&quot;:&quot;no&quot;}\">\n\t\t\t\t\t\t<div class=\"elementor-container elementor-column-gap-default\">\n\t\t\t\t\t<div class=\"elementor-column elementor-col-50 elementor-inner-column elementor-element elementor-element-1b63a67\" data-id=\"1b63a67\" data-element_type=\"column\" data-e-type=\"column\" data-settings=\"{&quot;_ob_column_hoveranimator&quot;:&quot;no&quot;,&quot;_ob_column_has_pseudo&quot;:&quot;no&quot;}\">\n\t\t\t<div class=\"elementor-widget-wrap elementor-element-populated\">\n\t\t\t\t\t\t<div class=\"elementor-element elementor-element-d15895c ob-has-background-overlay elementor-widget elementor-widget-image\" data-id=\"d15895c\" data-element_type=\"widget\" data-e-type=\"widget\" id=\"logo-accueil\" data-settings=\"{&quot;_ob_photomorph_use&quot;:&quot;no&quot;,&quot;_ob_widget_stalker_use&quot;:&quot;no&quot;,&quot;_ob_poopart_use&quot;:&quot;yes&quot;,&quot;_ob_shadough_use&quot;:&quot;no&quot;,&quot;_ob_allow_hoveranimator&quot;:&quot;no&quot;}\" data-widget_type=\"image.default\">\n\t\t\t\t<div class=\"elementor-widget-container\">\n\t\t\t\t\t\t\t\t\t\t\t\t\t\t\t<img fetchpriority=\"high\" decoding=\"async\" width=\"1584\" height=\"1835\" src=\"https:\/\/www.st-omer.najeti.fr\/wp-content\/uploads\/2022\/02\/GOLF_SAINT-OMER_VERT_Logo_Officiel-1.png\" class=\"attachment-full size-full wp-image-970\" alt=\"\" srcset=\"https:\/\/www.st-omer.najeti.fr\/wp-content\/uploads\/2022\/02\/GOLF_SAINT-OMER_VERT_Logo_Officiel-1.png 1584w, https:\/\/www.st-omer.najeti.fr\/wp-content\/uploads\/2022\/02\/GOLF_SAINT-OMER_VERT_Logo_Officiel-1-259x300.png 259w, https:\/\/www.st-omer.najeti.fr\/wp-content\/uploads\/2022\/02\/GOLF_SAINT-OMER_VERT_Logo_Officiel-1-884x1024.png 884w, https:\/\/www.st-omer.najeti.fr\/wp-content\/uploads\/2022\/02\/GOLF_SAINT-OMER_VERT_Logo_Officiel-1-768x890.png 768w, https:\/\/www.st-omer.najeti.fr\/wp-content\/uploads\/2022\/02\/GOLF_SAINT-OMER_VERT_Logo_Officiel-1-1326x1536.png 1326w, https:\/\/www.st-omer.najeti.fr\/wp-content\/uploads\/2022\/02\/GOLF_SAINT-OMER_VERT_Logo_Officiel-1-10x12.png 10w\" sizes=\"(max-width: 1584px) 100vw, 1584px\" title=\"Photo -\">\t\t\t\t\t\t\t\t\t\t\t\t\t\t\t<\/div>\n\t\t\t\t<\/div>\n\t\t\t\t\t<\/div>\n\t\t<\/div>\n\t\t\t\t<div class=\"elementor-column elementor-col-50 elementor-inner-column elementor-element elementor-element-6db7ef4\" data-id=\"6db7ef4\" data-element_type=\"column\" data-e-type=\"column\" data-settings=\"{&quot;_ob_column_hoveranimator&quot;:&quot;no&quot;,&quot;_ob_column_has_pseudo&quot;:&quot;no&quot;}\">\n\t\t\t<div class=\"elementor-widget-wrap elementor-element-populated\">\n\t\t\t\t\t\t<div class=\"elementor-element elementor-element-a4874a3 elementor-view-default ob-has-background-overlay elementor-widget elementor-widget-icon\" data-id=\"a4874a3\" data-element_type=\"widget\" data-e-type=\"widget\" data-settings=\"{&quot;_ob_widget_stalker_use&quot;:&quot;no&quot;,&quot;_ob_poopart_use&quot;:&quot;yes&quot;,&quot;_ob_shadough_use&quot;:&quot;no&quot;,&quot;_ob_allow_hoveranimator&quot;:&quot;no&quot;}\" data-widget_type=\"icon.default\">\n\t\t\t\t<div class=\"elementor-widget-container\">\n\t\t\t\t\t\t\t<div class=\"elementor-icon-wrapper\">\n\t\t\t<a class=\"elementor-icon\" href=\"#ecran2\">\n\t\t\t<svg xmlns=\"http:\/\/www.w3.org\/2000\/svg\" width=\"39.167\" height=\"22.394\" viewbox=\"0 0 39.167 22.394\"><path id=\"Icon_ionic-ios-arrow-down\" data-name=\"Icon ionic-ios-arrow-down\" d=\"M25.778,26.89l14.81-14.821a2.787,2.787,0,0,1,3.953,0,2.822,2.822,0,0,1,0,3.965L27.76,32.825a2.794,2.794,0,0,1-3.86.082L7,16.045a2.8,2.8,0,0,1,3.953-3.965Z\" transform=\"translate(-6.188 -11.247)\" fill=\"#fff\"><\/path><\/svg>\t\t\t<\/a>\n\t\t<\/div>\n\t\t\t\t\t\t<\/div>\n\t\t\t\t<\/div>\n\t\t\t\t\t<\/div>\n\t\t<\/div>\n\t\t\t\t\t<\/div>\n\t\t<\/section>\n\t\t\t\t\t<\/div>\n\t\t<\/div>\n\t\t\t\t\t<\/div>\n\t\t<\/section>\n\t\t\t\t<section class=\"elementor-section elementor-top-section elementor-element elementor-element-be4ce3b elementor-reverse-mobile ecrantype1 elementor-section-boxed elementor-section-height-default elementor-section-height-default\" data-id=\"be4ce3b\" data-element_type=\"section\" data-e-type=\"section\" id=\"ecran2\" data-settings=\"{&quot;background_background&quot;:&quot;classic&quot;,&quot;_ob_glider_is_slider&quot;:&quot;no&quot;}\">\n\t\t\t\t\t\t<div class=\"elementor-container elementor-column-gap-default\">\n\t\t\t\t\t<div class=\"elementor-column elementor-col-50 elementor-top-column elementor-element elementor-element-a8be361 colonne-tablette-vert colonne-image elementor-invisible\" data-id=\"a8be361\" data-element_type=\"column\" data-e-type=\"column\" data-settings=\"{&quot;animation&quot;:&quot;fadeIn&quot;,&quot;_ob_column_hoveranimator&quot;:&quot;no&quot;,&quot;_ob_column_has_pseudo&quot;:&quot;no&quot;}\">\n\t\t\t<div class=\"elementor-widget-wrap elementor-element-populated\">\n\t\t\t\t\t\t<section class=\"elementor-section elementor-inner-section elementor-element elementor-element-a3ce6d6 elementor-section-boxed elementor-section-height-default elementor-section-height-default\" data-id=\"a3ce6d6\" data-element_type=\"section\" data-e-type=\"section\" data-settings=\"{&quot;_ob_glider_is_slider&quot;:&quot;no&quot;}\">\n\t\t\t\t\t\t<div class=\"elementor-container elementor-column-gap-default\">\n\t\t\t\t\t<div class=\"elementor-column elementor-col-100 elementor-inner-column elementor-element elementor-element-9924ad2 animated-slow elementor-invisible\" data-id=\"9924ad2\" data-element_type=\"column\" data-e-type=\"column\" data-settings=\"{&quot;animation&quot;:&quot;fadeIn&quot;,&quot;_ob_column_hoveranimator&quot;:&quot;no&quot;,&quot;_ob_column_has_pseudo&quot;:&quot;no&quot;}\">\n\t\t\t<div class=\"elementor-widget-wrap elementor-element-populated\">\n\t\t\t\t\t\t<div class=\"elementor-element elementor-element-f51bcf9 elementor-invisible ob-has-background-overlay elementor-widget elementor-widget-image\" data-id=\"f51bcf9\" data-element_type=\"widget\" data-e-type=\"widget\" data-settings=\"{&quot;_animation&quot;:&quot;fadeInLeft&quot;,&quot;_animation_delay&quot;:200,&quot;_ob_photomorph_use&quot;:&quot;no&quot;,&quot;_ob_widget_stalker_use&quot;:&quot;no&quot;,&quot;_ob_poopart_use&quot;:&quot;yes&quot;,&quot;_ob_shadough_use&quot;:&quot;no&quot;,&quot;_ob_allow_hoveranimator&quot;:&quot;no&quot;}\" data-widget_type=\"image.default\">\n\t\t\t\t<div class=\"elementor-widget-container\">\n\t\t\t\t\t\t\t\t\t\t\t\t\t\t\t<img decoding=\"async\" src=\"https:\/\/www.st-omer.najeti.fr\/wp-content\/uploads\/elementor\/thumbs\/web_najeti_hotel_du_golf_saint_omer_0022_commun-Copie-53-pjl6z2p8pb7n5m93jnl2vwtll70c09knzvczbk0lm2.jpg\" title=\"web_najeti_hotel_du_golf_saint_omer_0022_commun - Copy (53)\" alt=\"web_najeti_hotel_du_golf_saint_omer_0022_commun - Copy (53)\" loading=\"lazy\" \/>\t\t\t\t\t\t\t\t\t\t\t\t\t\t\t<\/div>\n\t\t\t\t<\/div>\n\t\t\t\t\t<\/div>\n\t\t<\/div>\n\t\t\t\t\t<\/div>\n\t\t<\/section>\n\t\t\t\t\t<\/div>\n\t\t<\/div>\n\t\t\t\t<div class=\"elementor-column elementor-col-50 elementor-top-column elementor-element elementor-element-4fa56a4 colonne-tablette-vert inverse elementor-invisible\" data-id=\"4fa56a4\" data-element_type=\"column\" data-e-type=\"column\" data-settings=\"{&quot;animation&quot;:&quot;fadeIn&quot;,&quot;animation_delay&quot;:400,&quot;_ob_column_hoveranimator&quot;:&quot;no&quot;,&quot;_ob_column_has_pseudo&quot;:&quot;no&quot;}\">\n\t\t\t<div class=\"elementor-widget-wrap elementor-element-populated\">\n\t\t\t\t\t\t<div class=\"elementor-element elementor-element-f2c61c9 elementor-widget-mobile__width-inherit ob-has-background-overlay elementor-widget elementor-widget-html\" data-id=\"f2c61c9\" data-element_type=\"widget\" data-e-type=\"widget\" data-settings=\"{&quot;_ob_widget_stalker_use&quot;:&quot;no&quot;,&quot;_ob_poopart_use&quot;:&quot;yes&quot;,&quot;_ob_shadough_use&quot;:&quot;no&quot;,&quot;_ob_allow_hoveranimator&quot;:&quot;no&quot;}\" data-widget_type=\"html.default\">\n\t\t\t\t<div class=\"elementor-widget-container\">\n\t\t\t\t\t<h1><em class=\"h1Style3\">\/ The hotel <\/em><br\/><em class=\"h1Style1\">golf<\/em><\/h1>\t\t\t\t<\/div>\n\t\t\t\t<\/div>\n\t\t\t\t<div class=\"elementor-element elementor-element-680f27a ob-harakiri-inherit ob-has-background-overlay elementor-widget elementor-widget-text-editor\" data-id=\"680f27a\" data-element_type=\"widget\" data-e-type=\"widget\" data-settings=\"{&quot;_ob_use_harakiri&quot;:&quot;yes&quot;,&quot;_ob_harakiri_writing_mode&quot;:&quot;inherit&quot;,&quot;_ob_postman_use&quot;:&quot;no&quot;,&quot;_ob_widget_stalker_use&quot;:&quot;no&quot;,&quot;_ob_poopart_use&quot;:&quot;yes&quot;,&quot;_ob_shadough_use&quot;:&quot;no&quot;,&quot;_ob_allow_hoveranimator&quot;:&quot;no&quot;}\" data-widget_type=\"text-editor.default\">\n\t\t\t\t<div class=\"elementor-widget-container\">\n\t\t\t\t\t\t\t\t\t<p>For your golfing trips and weekends, put your bags down at the H\u00f4tel du Golf, located at the foot of the course.<\/p><p>\u00a0<\/p><p>Discover a modern establishment with quality facilities, suitable for a stay for two or a family as well as for a business trip. The H\u00f4tel du Golf features 54 rooms and suites overlooking the golf course or the surrounding forest, for a real green experience.<\/p><p>\u00a0<\/p><p>Enjoy a relaxing moment in the wellness area with sauna and whirlpool and treat yourself to a body or facial treatment by an expert beautician and cosmetician.<\/p><p>\u00a0<\/p><p>The H\u00f4tel du Golf also invites you to discover its restaurant, Le Ristand\u00e8l, where you can sample regional specialities in a friendly atmosphere.<\/p>\t\t\t\t\t\t\t\t<\/div>\n\t\t\t\t<\/div>\n\t\t\t\t<div class=\"elementor-element elementor-element-4e24fbf btn-maillage elementor-mobile-align-center elementor-align-center elementor-widget__width-auto ob-has-background-overlay ob-is-butterbutton elementor-widget elementor-widget-button\" data-id=\"4e24fbf\" data-element_type=\"widget\" data-e-type=\"widget\" data-settings=\"{&quot;_ob_butterbutton_use_it&quot;:&quot;yes&quot;,&quot;_ob_widget_stalker_use&quot;:&quot;no&quot;,&quot;_ob_poopart_use&quot;:&quot;yes&quot;,&quot;_ob_shadough_use&quot;:&quot;no&quot;,&quot;_ob_allow_hoveranimator&quot;:&quot;no&quot;}\" data-widget_type=\"button.default\">\n\t\t\t\t<div class=\"elementor-widget-container\">\n\t\t\t\t\t\t\t\t\t<div class=\"elementor-button-wrapper\">\n\t\t\t\t\t<a class=\"elementor-button elementor-button-link elementor-size-sm\" href=\"https:\/\/www.golf.najeti.fr\" target=\"_blank\" rel=\"nofollow noopener\">\n\t\t\t\t\t\t<span class=\"elementor-button-content-wrapper\">\n\t\t\t\t\t\t\t\t\t<span class=\"elementor-button-text\">Discover the hotel<\/span>\n\t\t\t\t\t<\/span>\n\t\t\t\t\t<\/a>\n\t\t\t\t<\/div>\n\t\t\t\t\t\t\t\t<\/div>\n\t\t\t\t<\/div>\n\t\t\t\t\t<\/div>\n\t\t<\/div>\n\t\t\t\t\t<\/div>\n\t\t<\/section>\n\t\t\t\t<section class=\"elementor-section elementor-top-section elementor-element elementor-element-57c55b45 elementor-section-full_width elementor-section-height-default elementor-section-height-default\" data-id=\"57c55b45\" data-element_type=\"section\" data-e-type=\"section\" data-settings=\"{&quot;_ob_glider_is_slider&quot;:&quot;no&quot;}\">\n\t\t\t\t\t\t<div class=\"elementor-container elementor-column-gap-default\">\n\t\t\t\t\t<div class=\"elementor-column elementor-col-33 elementor-top-column elementor-element elementor-element-2e79ec19\" data-id=\"2e79ec19\" data-element_type=\"column\" data-e-type=\"column\" data-settings=\"{&quot;_ob_column_hoveranimator&quot;:&quot;no&quot;,&quot;_ob_column_has_pseudo&quot;:&quot;no&quot;}\">\n\t\t\t<div class=\"elementor-widget-wrap elementor-element-populated\">\n\t\t\t\t\t\t<div class=\"elementor-element elementor-element-392d2b3 elementor-widget-mobile__width-initial big-image ob-has-background-overlay elementor-widget elementor-widget-image\" data-id=\"392d2b3\" data-element_type=\"widget\" data-e-type=\"widget\" data-settings=\"{&quot;_ob_photomorph_use&quot;:&quot;no&quot;,&quot;_ob_widget_stalker_use&quot;:&quot;no&quot;,&quot;_ob_poopart_use&quot;:&quot;yes&quot;,&quot;_ob_shadough_use&quot;:&quot;no&quot;,&quot;_ob_allow_hoveranimator&quot;:&quot;no&quot;}\" data-widget_type=\"image.default\">\n\t\t\t\t<div class=\"elementor-widget-container\">\n\t\t\t\t\t\t\t\t\t\t\t\t\t\t\t<img decoding=\"async\" src=\"https:\/\/www.st-omer.najeti.fr\/wp-content\/uploads\/elementor\/thumbs\/hotel-du-golf-najeti-detente-pjha066m4ib27kpx2uz5an67x9aohkxmkkmajyomnk.jpg\" title=\"hotel-du-golf-najeti-detente\" alt=\"hotel-du-golf-najeti-detente\" loading=\"lazy\" \/>\t\t\t\t\t\t\t\t\t\t\t\t\t\t\t<\/div>\n\t\t\t\t<\/div>\n\t\t\t\t<div class=\"elementor-element elementor-element-55a681af elementor-widget-mobile__width-initial ob-has-background-overlay elementor-widget elementor-widget-image\" data-id=\"55a681af\" data-element_type=\"widget\" data-e-type=\"widget\" data-settings=\"{&quot;_ob_photomorph_use&quot;:&quot;no&quot;,&quot;_ob_widget_stalker_use&quot;:&quot;no&quot;,&quot;_ob_poopart_use&quot;:&quot;yes&quot;,&quot;_ob_shadough_use&quot;:&quot;no&quot;,&quot;_ob_allow_hoveranimator&quot;:&quot;no&quot;}\" data-widget_type=\"image.default\">\n\t\t\t\t<div class=\"elementor-widget-container\">\n\t\t\t\t\t\t\t\t\t\t\t\t\t\t\t<img decoding=\"async\" src=\"https:\/\/www.st-omer.najeti.fr\/wp-content\/uploads\/elementor\/thumbs\/web_najeti_hotel_du_golf_saint_omer_0010_Najeti-hotel-du-Golf-Saint-Omer-Salle-PDJcredit-photos-Chantal-Garcin-Photogra-pjl6yyxw9t9w820h5cuxs6xkfxpktl8t3hexd8ee0m.jpg\" title=\"web_najeti_hotel_du_golf_saint_omer_0010_Najeti hotel du Golf Saint Omer Salle PDJ(credit photos Chantal Garcin Photogra\" alt=\"web_najeti_hotel_du_golf_saint_omer_0010_Najeti hotel du Golf Saint Omer Salle PDJ(credit photos Chantal Garcin Photogra\" loading=\"lazy\" \/>\t\t\t\t\t\t\t\t\t\t\t\t\t\t\t<\/div>\n\t\t\t\t<\/div>\n\t\t\t\t\t<\/div>\n\t\t<\/div>\n\t\t\t\t<div class=\"elementor-column elementor-col-33 elementor-top-column elementor-element elementor-element-53a140b2\" data-id=\"53a140b2\" data-element_type=\"column\" data-e-type=\"column\" data-settings=\"{&quot;_ob_column_hoveranimator&quot;:&quot;no&quot;,&quot;_ob_column_has_pseudo&quot;:&quot;no&quot;}\">\n\t\t\t<div class=\"elementor-widget-wrap elementor-element-populated\">\n\t\t\t\t\t\t<div class=\"elementor-element elementor-element-134d785a elementor-widget-mobile__width-initial ob-has-background-overlay elementor-widget elementor-widget-image\" data-id=\"134d785a\" data-element_type=\"widget\" data-e-type=\"widget\" data-settings=\"{&quot;_ob_photomorph_use&quot;:&quot;no&quot;,&quot;_ob_widget_stalker_use&quot;:&quot;no&quot;,&quot;_ob_poopart_use&quot;:&quot;yes&quot;,&quot;_ob_shadough_use&quot;:&quot;no&quot;,&quot;_ob_allow_hoveranimator&quot;:&quot;no&quot;}\" data-widget_type=\"image.default\">\n\t\t\t\t<div class=\"elementor-widget-container\">\n\t\t\t\t\t\t\t\t\t\t\t\t\t\t\t<img decoding=\"async\" src=\"https:\/\/www.st-omer.najeti.fr\/wp-content\/uploads\/elementor\/thumbs\/web_najeti_hotel_du_golf_saint_omer_0017_Najeti-Hotel-du-Golf-Saint-Omer-Detail-PDJ-2-credit-photos-Chantal-Garcin-Phot-pjl6z0tknhcgv9xqudo6x6ghmpgb8zg9rqpwbsblo6.jpg\" title=\"web_najeti_hotel_du_golf_saint_omer_0017_Najeti Hotel du Golf Saint Omer Detail PDJ 2 (credit photos Chantal Garcin Phot\" alt=\"web_najeti_hotel_du_golf_saint_omer_0017_Najeti Hotel du Golf Saint Omer Detail PDJ 2 (credit photos Chantal Garcin Phot\" loading=\"lazy\" \/>\t\t\t\t\t\t\t\t\t\t\t\t\t\t\t<\/div>\n\t\t\t\t<\/div>\n\t\t\t\t<div class=\"elementor-element elementor-element-1b6c3da1 elementor-widget-mobile__width-initial big-image ob-has-background-overlay elementor-widget elementor-widget-image\" data-id=\"1b6c3da1\" data-element_type=\"widget\" data-e-type=\"widget\" data-settings=\"{&quot;_ob_photomorph_use&quot;:&quot;no&quot;,&quot;_ob_widget_stalker_use&quot;:&quot;no&quot;,&quot;_ob_poopart_use&quot;:&quot;yes&quot;,&quot;_ob_shadough_use&quot;:&quot;no&quot;,&quot;_ob_allow_hoveranimator&quot;:&quot;no&quot;}\" data-widget_type=\"image.default\">\n\t\t\t\t<div class=\"elementor-widget-container\">\n\t\t\t\t\t\t\t\t\t\t\t\t\t\t\t<img decoding=\"async\" src=\"https:\/\/www.st-omer.najeti.fr\/wp-content\/uploads\/elementor\/thumbs\/hotel-du-golf-najeti-header-accueil-pjh7b4cihbg9gzowseqvcmtvw1ncqmnc87qhqgkz3k.jpg\" title=\"hotel-du-golf-najeti-header-accueil\" alt=\"hotel-du-golf-najeti-header-accueil\" loading=\"lazy\" \/>\t\t\t\t\t\t\t\t\t\t\t\t\t\t\t<\/div>\n\t\t\t\t<\/div>\n\t\t\t\t\t<\/div>\n\t\t<\/div>\n\t\t\t\t<div class=\"elementor-column elementor-col-33 elementor-top-column elementor-element elementor-element-b83d90a\" data-id=\"b83d90a\" data-element_type=\"column\" data-e-type=\"column\" data-settings=\"{&quot;_ob_column_hoveranimator&quot;:&quot;no&quot;,&quot;_ob_column_has_pseudo&quot;:&quot;no&quot;}\">\n\t\t\t<div class=\"elementor-widget-wrap elementor-element-populated\">\n\t\t\t\t\t\t<div class=\"elementor-element elementor-element-36745771 elementor-widget-mobile__width-initial big-image ob-has-background-overlay elementor-widget elementor-widget-image\" data-id=\"36745771\" data-element_type=\"widget\" data-e-type=\"widget\" data-settings=\"{&quot;_ob_photomorph_use&quot;:&quot;no&quot;,&quot;_ob_widget_stalker_use&quot;:&quot;no&quot;,&quot;_ob_poopart_use&quot;:&quot;yes&quot;,&quot;_ob_shadough_use&quot;:&quot;no&quot;,&quot;_ob_allow_hoveranimator&quot;:&quot;no&quot;}\" data-widget_type=\"image.default\">\n\t\t\t\t<div class=\"elementor-widget-container\">\n\t\t\t\t\t\t\t\t\t\t\t\t\t\t\t<img decoding=\"async\" src=\"https:\/\/www.st-omer.najeti.fr\/wp-content\/uploads\/elementor\/thumbs\/hotel-du-golf-najeti-bar-pjh9ztypnnuc0n7o27ozw89878ywpil46w4zbd6qwg.jpg\" title=\"hotel-du-golf-najeti-bar\" alt=\"hotel-du-golf-najeti-bar\" loading=\"lazy\" \/>\t\t\t\t\t\t\t\t\t\t\t\t\t\t\t<\/div>\n\t\t\t\t<\/div>\n\t\t\t\t<div class=\"elementor-element elementor-element-485f3737 elementor-widget-mobile__width-initial ob-has-background-overlay elementor-widget elementor-widget-image\" data-id=\"485f3737\" data-element_type=\"widget\" data-e-type=\"widget\" data-settings=\"{&quot;_ob_photomorph_use&quot;:&quot;no&quot;,&quot;_ob_widget_stalker_use&quot;:&quot;no&quot;,&quot;_ob_poopart_use&quot;:&quot;yes&quot;,&quot;_ob_shadough_use&quot;:&quot;no&quot;,&quot;_ob_allow_hoveranimator&quot;:&quot;no&quot;}\" data-widget_type=\"image.default\">\n\t\t\t\t<div class=\"elementor-widget-container\">\n\t\t\t\t\t\t\t\t\t\t\t\t\t\t\t<img decoding=\"async\" src=\"https:\/\/www.st-omer.najeti.fr\/wp-content\/uploads\/elementor\/thumbs\/web_golf_saint_omer_0010__DSC2168-pjl6pewysg6y6rw6y85hflqv0wt8kdb1s6n7pykh9y.jpg\" title=\"web_golf_saint_omer_0010__DSC2168\" alt=\"web_golf_saint_omer_0010__DSC2168\" loading=\"lazy\" \/>\t\t\t\t\t\t\t\t\t\t\t\t\t\t\t<\/div>\n\t\t\t\t<\/div>\n\t\t\t\t\t<\/div>\n\t\t<\/div>\n\t\t\t\t\t<\/div>\n\t\t<\/section>\n\t\t\t\t<\/div>","protected":false},"excerpt":{"rendered":"<p>\/ L&rsquo;h\u00f4tel du golf Pour vos d\u00e9placements et week-ends de golf, posez vos valises \u00e0 l&rsquo;H\u00f4tel du Golf, situ\u00e9 au pied du parcours. \u00a0 D\u00e9couvrez un \u00e9tablissement moderne avec des infrastructures de qualit\u00e9, adapt\u00e9 pour un s\u00e9jour \u00e0 deux ou en famille comme pour un voyage d\u2019affaires. L\u2019H\u00f4tel du Golf propose 54 chambres et suites [&hellip;]<\/p>\n","protected":false},"author":6,"featured_media":0,"parent":0,"menu_order":12,"comment_status":"closed","ping_status":"closed","template":"","meta":{"_acf_changed":false,"inline_featured_image":false,"footnotes":""},"class_list":["post-122","page","type-page","status-publish","hentry"],"acf":[],"_links":{"self":[{"href":"https:\/\/www.st-omer.najeti.fr\/en\/wp-json\/wp\/v2\/pages\/122","targetHints":{"allow":["GET"]}}],"collection":[{"href":"https:\/\/www.st-omer.najeti.fr\/en\/wp-json\/wp\/v2\/pages"}],"about":[{"href":"https:\/\/www.st-omer.najeti.fr\/en\/wp-json\/wp\/v2\/types\/page"}],"author":[{"embeddable":true,"href":"https:\/\/www.st-omer.najeti.fr\/en\/wp-json\/wp\/v2\/users\/6"}],"replies":[{"embeddable":true,"href":"https:\/\/www.st-omer.najeti.fr\/en\/wp-json\/wp\/v2\/comments?post=122"}],"version-history":[{"count":49,"href":"https:\/\/www.st-omer.najeti.fr\/en\/wp-json\/wp\/v2\/pages\/122\/revisions"}],"predecessor-version":[{"id":6838,"href":"https:\/\/www.st-omer.najeti.fr\/en\/wp-json\/wp\/v2\/pages\/122\/revisions\/6838"}],"wp:attachment":[{"href":"https:\/\/www.st-omer.najeti.fr\/en\/wp-json\/wp\/v2\/media?parent=122"}],"curies":[{"name":"wp","href":"https:\/\/api.w.org\/{rel}","templated":true}]}}